{"id":545,"date":"2021-12-05T01:57:06","date_gmt":"2021-12-05T00:57:06","guid":{"rendered":"http:\/\/sigma-nt.pl\/o-firmie\/"},"modified":"2024-12-12T02:10:28","modified_gmt":"2024-12-12T01:10:28","slug":"uber-die-firma","status":"publish","type":"page","link":"https:\/\/sigma-nt.pl\/de\/uber-die-firma\/","title":{"rendered":"\u00dcber die Firma"},"content":{"rendered":"<p>[et_pb_section fb_built=&#8220;1&#8243; _builder_version=&#8220;4.16&#8243; _module_preset=&#8220;default&#8220; global_colors_info=&#8220;{}&#8220;][et_pb_row _builder_version=&#8220;4.16&#8243; _module_preset=&#8220;default&#8220; global_colors_info=&#8220;{}&#8220;][et_pb_column type=&#8220;4_4&#8243; _builder_version=&#8220;4.16&#8243; _module_preset=&#8220;default&#8220; global_colors_info=&#8220;{}&#8220;][et_pb_text _builder_version=&#8220;4.27.4&#8243; _module_preset=&#8220;default&#8220; header_font=&#8220;|||on|||||&#8220; header_text_align=&#8220;center&#8220; hover_enabled=&#8220;0&#8243; global_colors_info=&#8220;{}&#8220; sticky_enabled=&#8220;0&#8243;]<\/p>\n<h1>\u00dcber die Firma<\/h1>\n<p>[\/et_pb_text][et_pb_text _builder_version=&#8220;4.27.4&#8243; _module_preset=&#8220;default&#8220; width=&#8220;84%&#8220; module_alignment=&#8220;center&#8220; hover_enabled=&#8220;0&#8243; global_colors_info=&#8220;{}&#8220; sticky_enabled=&#8220;0&#8243;]Wir sind ein Familienunternehmen, das bereits seit 28 Jahren auf dem Markt ist. Dank unserer langj\u00e4hrigen Erfahrung und der kontinuierlichen Verbesserung unserer Dienstleistungen sind wir in der Lage, unseren Kunden nicht nur bedarfsgerechte, sondern auch technologisch innovative Dienstleistungen anzubieten und zu liefern. Wir erbringen unsere Dienstleistungen in einem Gro\u00dfteil der Region Wielkopolska. Bei Bedarf erweitern wir jedoch f\u00fcr unsere Kunden diese Reichweite \u2013 und zwar sowohl in Polen als auch im Ausland.[\/et_pb_text][\/et_pb_column][\/et_pb_row][et_pb_row _builder_version=&#8220;4.16&#8243; _module_preset=&#8220;default&#8220; global_colors_info=&#8220;{}&#8220;][et_pb_column type=&#8220;4_4&#8243; _builder_version=&#8220;4.16&#8243; _module_preset=&#8220;default&#8220; global_colors_info=&#8220;{}&#8220;][dnxte_timeline dnxte_circle_width=&#8220;20&#8243; dnxte_triangle_color=&#8220;#e1e1e1&#8243; timeline_bar_color=&#8220;#525252&#8243; _builder_version=&#8220;4.27.4&#8243; _module_preset=&#8220;default&#8220; identifier_text_color=&#8220;#000000&#8243; width=&#8220;68%&#8220; width_tablet=&#8220;90%&#8220; width_phone=&#8220;90%&#8220; width_last_edited=&#8220;on|phone&#8220; module_alignment=&#8220;center&#8220; hover_enabled=&#8220;0&#8243; global_colors_info=&#8220;{}&#8220; sticky_enabled=&#8220;0&#8243;][dnxte_timeline_child timeline_title=&#8220;Gr\u00fcndungsjahr der Firma&#8220; timeline_use_image=&#8220;off&#8220; timeline_icon=&#8220;&#xe055;||divi||400&#8243; timeline_date=&#8220;1993&#8243; timeline_use_button=&#8220;off&#8220; timeline_icon_color=&#8220;#FFFFFF&#8220; timeline_bg_color=&#8220;#e1e1e1&#8243; icon_bg_color=&#8220;#525252&#8243; _builder_version=&#8220;4.27.4&#8243; _module_preset=&#8220;default&#8220; header_font_size=&#8220;19px&#8220; identifier_font=&#8220;||||||||&#8220; identifier_text_color=&#8220;#525252&#8243; hover_enabled=&#8220;0&#8243; global_colors_info=&#8220;{}&#8220; sticky_enabled=&#8220;0&#8243;][\/dnxte_timeline_child][dnxte_timeline_child timeline_title=&#8220;Einstieg in den Markt der Kabelb\u00fcndel&#8220; timeline_use_image=&#8220;off&#8220; timeline_icon=&#8220;&#x3b;||divi||400&#8243; timeline_date=&#8220;2001-2006&#8243; timeline_use_button=&#8220;off&#8220; timeline_icon_color=&#8220;#FFFFFF&#8220; timeline_bg_color=&#8220;#ff9c00&#8243; icon_bg_color=&#8220;#ff9c00&#8243; _builder_version=&#8220;4.27.4&#8243; _module_preset=&#8220;default&#8220; header_font_size=&#8220;19px&#8220; identifier_font=&#8220;||||||||&#8220; identifier_text_color=&#8220;#525252&#8243; hover_enabled=&#8220;0&#8243; global_colors_info=&#8220;{}&#8220; sticky_enabled=&#8220;0&#8243;][\/dnxte_timeline_child][dnxte_timeline_child timeline_title=&#8220;Neuer Firmenname Sigma Electro Networks \u2013 Aufnahme einer B2B-Zusammenarbeit&#8220; timeline_use_image=&#8220;off&#8220; timeline_icon=&#8220;&#x3b;||divi||400&#8243; timeline_date=&#8220;2009&#8243; timeline_use_button=&#8220;off&#8220; timeline_icon_color=&#8220;#FFFFFF&#8220; timeline_bg_color=&#8220;#e1e1e1&#8243; icon_bg_color=&#8220;#525252&#8243; _builder_version=&#8220;4.27.4&#8243; _module_preset=&#8220;default&#8220; header_font_size=&#8220;19px&#8220; identifier_font=&#8220;||||||||&#8220; identifier_text_color=&#8220;#525252&#8243; hover_enabled=&#8220;0&#8243; global_colors_info=&#8220;{}&#8220; sticky_enabled=&#8220;0&#8243;][\/dnxte_timeline_child][dnxte_timeline_child timeline_title=&#8220;Einf\u00fchrung von Dienstleistungen zur Ausf\u00fchrung von Inspektionen&#8220; timeline_use_image=&#8220;off&#8220; timeline_icon=&#8220;&#x3b;||divi||400&#8243; timeline_date=&#8220;2013&#8243; timeline_use_button=&#8220;off&#8220; timeline_icon_color=&#8220;#FFFFFF&#8220; timeline_bg_color=&#8220;#e1e1e1&#8243; icon_bg_color=&#8220;#525252&#8243; _builder_version=&#8220;4.27.4&#8243; _module_preset=&#8220;default&#8220; header_font_size=&#8220;19px&#8220; identifier_font=&#8220;||||||||&#8220; identifier_text_color=&#8220;#525252&#8243; hover_enabled=&#8220;0&#8243; global_colors_info=&#8220;{}&#8220; sticky_enabled=&#8220;0&#8243;][\/dnxte_timeline_child][dnxte_timeline_child timeline_title=&#8220;Einstieg in den Markt f\u00fcr komplexe Elektroinstallationen&#8220; timeline_use_image=&#8220;off&#8220; timeline_icon=&#8220;&#x3b;||divi||400&#8243; timeline_date=&#8220;2016&#8243; timeline_use_button=&#8220;off&#8220; timeline_icon_color=&#8220;#FFFFFF&#8220; timeline_bg_color=&#8220;#e1e1e1&#8243; icon_bg_color=&#8220;#525252&#8243; _builder_version=&#8220;4.27.4&#8243; _module_preset=&#8220;default&#8220; header_font_size=&#8220;19px&#8220; identifier_font=&#8220;||||||||&#8220; identifier_text_color=&#8220;#525252&#8243; hover_enabled=&#8220;0&#8243; global_colors_info=&#8220;{}&#8220; sticky_enabled=&#8220;0&#8243;][\/dnxte_timeline_child][dnxte_timeline_child timeline_title=&#8220;Erweiterung und Modernisierung des Firmensitzes&#8220; timeline_use_image=&#8220;off&#8220; timeline_icon=&#8220;&#x3b;||divi||400&#8243; timeline_date=&#8220;2019&#8243; timeline_use_button=&#8220;off&#8220; timeline_icon_color=&#8220;#FFFFFF&#8220; timeline_bg_color=&#8220;#e1e1e1&#8243; icon_bg_color=&#8220;#525252&#8243; _builder_version=&#8220;4.27.4&#8243; _module_preset=&#8220;default&#8220; header_font_size=&#8220;19px&#8220; identifier_font=&#8220;||||||||&#8220; identifier_text_color=&#8220;#525252&#8243; hover_enabled=&#8220;0&#8243; global_colors_info=&#8220;{}&#8220; sticky_enabled=&#8220;0&#8243;][\/dnxte_timeline_child][dnxte_timeline_child timeline_title=&#8220;Eintritt in den deutschen Markt \u2013 Glasfaser-Breitbandnetze&#8220; timeline_use_image=&#8220;off&#8220; timeline_icon=&#8220;&#x3b;||divi||400&#8243; timeline_date=&#8220;2020&#8243; timeline_use_button=&#8220;off&#8220; timeline_icon_color=&#8220;#FFFFFF&#8220; timeline_bg_color=&#8220;#e1e1e1&#8243; icon_bg_color=&#8220;#525252&#8243; _builder_version=&#8220;4.27.4&#8243; _module_preset=&#8220;default&#8220; header_font_size=&#8220;19px&#8220; identifier_font=&#8220;||||||||&#8220; identifier_text_color=&#8220;#525252&#8243; hover_enabled=&#8220;0&#8243; global_colors_info=&#8220;{}&#8220; sticky_enabled=&#8220;0&#8243;][\/dnxte_timeline_child][\/dnxte_timeline][\/et_pb_column][\/et_pb_row][\/et_pb_section][et_pb_section fb_built=&#8220;1&#8243; _builder_version=&#8220;4.16&#8243; _module_preset=&#8220;default&#8220; background_color=&#8220;#ebe2c2&#8243; global_colors_info=&#8220;{}&#8220;][et_pb_row _builder_version=&#8220;4.16&#8243; _module_preset=&#8220;default&#8220; global_colors_info=&#8220;{}&#8220;][et_pb_column type=&#8220;4_4&#8243; _builder_version=&#8220;4.16&#8243; _module_preset=&#8220;default&#8220; global_colors_info=&#8220;{}&#8220;][et_pb_text _builder_version=&#8220;4.27.4&#8243; _module_preset=&#8220;default&#8220; text_font=&#8220;|||on|||||&#8220; text_orientation=&#8220;center&#8220; hover_enabled=&#8220;0&#8243; global_colors_info=&#8220;{}&#8220; sticky_enabled=&#8220;0&#8243;]<\/p>\n<h3> Zertifizierung<\/h3>\n<p>[\/et_pb_text][et_pb_text _builder_version=&#8220;4.27.4&#8243; _module_preset=&#8220;default&#8220; width=&#8220;81%&#8220; module_alignment=&#8220;center&#8220; hover_enabled=&#8220;0&#8243; global_colors_info=&#8220;{}&#8220; sticky_enabled=&#8220;0&#8243;]Als Unternehmen sind wir als CobiNet TopLink Installer zertifiziert. Die erworbenen Qualifikationen erm\u00f6glichen die Montage der Projekte und die \u00dcberwachung der Montage der Strukturverkabelung CobiNet TopLink. Gleichzeitig sind wir berechtigt, eine Zuverl\u00e4ssigkeitsgarantie f\u00fcr die von uns durchgef\u00fchrten Arbeiten im Bereich CobiNet zu erteilen. Dar\u00fcber hinaus sind wir von HILTI f\u00fcr die Auswahl geeigneter Brandschutzprodukte und deren Einbau zertifiziert.[\/et_pb_text][\/et_pb_column][\/et_pb_row][\/et_pb_section]<\/p>\n","protected":false},"excerpt":{"rendered":"<p>\u00dcber die FirmaWir sind ein Familienunternehmen, das bereits seit 28 Jahren auf dem Markt ist. Dank unserer langj\u00e4hrigen Erfahrung und der kontinuierlichen Verbesserung unserer Dienstleistungen sind wir in der Lage, unseren Kunden nicht nur bedarfsgerechte, sondern auch technologisch innovative Dienstleistungen anzubieten und zu liefern. Wir erbringen unsere Dienstleistungen in einem Gro\u00dfteil der Region Wielkopolska. Bei [&hellip;]<\/p>\n","protected":false},"author":1,"featured_media":0,"parent":0,"menu_order":0,"comment_status":"closed","ping_status":"closed","template":"","meta":{"_et_pb_use_builder":"on","_et_pb_old_content":"","_et_gb_content_width":"","footnotes":""},"class_list":["post-545","page","type-page","status-publish","hentry"],"_links":{"self":[{"href":"https:\/\/sigma-nt.pl\/de\/wp-json\/wp\/v2\/pages\/545","targetHints":{"allow":["GET"]}}],"collection":[{"href":"https:\/\/sigma-nt.pl\/de\/wp-json\/wp\/v2\/pages"}],"about":[{"href":"https:\/\/sigma-nt.pl\/de\/wp-json\/wp\/v2\/types\/page"}],"author":[{"embeddable":true,"href":"https:\/\/sigma-nt.pl\/de\/wp-json\/wp\/v2\/users\/1"}],"replies":[{"embeddable":true,"href":"https:\/\/sigma-nt.pl\/de\/wp-json\/wp\/v2\/comments?post=545"}],"version-history":[{"count":13,"href":"https:\/\/sigma-nt.pl\/de\/wp-json\/wp\/v2\/pages\/545\/revisions"}],"predecessor-version":[{"id":638,"href":"https:\/\/sigma-nt.pl\/de\/wp-json\/wp\/v2\/pages\/545\/revisions\/638"}],"wp:attachment":[{"href":"https:\/\/sigma-nt.pl\/de\/wp-json\/wp\/v2\/media?parent=545"}],"curies":[{"name":"wp","href":"https:\/\/api.w.org\/{rel}","templated":true}]}}